{"id":10616,"date":"2022-02-14T11:43:40","date_gmt":"2022-02-14T10:43:40","guid":{"rendered":"https:\/\/www.plouy-tardy.com\/?page_id=10616"},"modified":"2022-02-14T11:43:40","modified_gmt":"2022-02-14T10:43:40","slug":"unser-angebot","status":"publish","type":"page","link":"https:\/\/www.plouy-tardy.com\/de\/unser-angebot\/","title":{"rendered":"Unser Angebot"},"content":{"rendered":"\n<section class=\"sh-section sh-section-21575112999d38d9e10b456e4f34ab43 fw-main-row sh-section-visibility-everywhere\">\n\t\n\t\n\t<div class=\"sh-section-container container\">\n\t\t<div class=\"fw-row\">\n\t\n<div class=\"sh-column sh-column-92ddca2bcc42bf2028d4fc2d56d04563 fw-col-xs-12 fw-col-sm-8\" >\n\n\t\n\t<div class=\"sh-column-wrapper\">\n\t\t\n<div id=\"text-block-38a88fa7399fa4a5ce1063f4d8e04702\" class=\"sh-text-block\">\n\t<h2><strong>Der umfassendste Garnverarbeiter <\/strong><\/h2><p>Wir haben die Produktionsprozesse der Garndrehung, Texturierung und Verzwirnung (Ummantelung) in einem Ort zusammengelegt. Durch diese verschiedenen technischen M\u00f6glichkeiten erreichen wir ein einzigartiges Know-how und k\u00f6nnen so unterschiedliche und \u00fcberaus komplexe Anforderungen erf\u00fcllen.<\/p><p>Heute erm\u00f6glicht <strong>MOULINAGE DU PLOUY<\/strong> L\u00f6sungen von 22 bis 40 000 dTex f\u00fcr alle Arten von Materialien:<\/p><ul><li>Polyamid: 6, 6.6, h\u00f6her Z\u00e4hefestigkeit<\/li><li>Polyester: Standard, kationisch, h\u00f6her Z\u00e4hefestigkeit, schwer entflammbar<\/li><li>Viskose: Zentrifugiert, Endlosfaser, Fasergarn<\/li><li>Aramid, Polyethylen, Polypropylen<\/li><li>Glas, Metall, Kohlenstoff, Basalt, Schmelzklebegarne, PVA<\/li><li>Elasthan<\/li><li>Metallgarn (Bsp.: Lurex\u00ae, Fuesers\u00ae)<\/li><li>Alle Natur-, Kunst- und Synthetikfasern<strong>.<\/strong><\/li><\/ul><p>&nbsp;<\/p><\/div>\t<\/div>\n<\/div>\n\n<div class=\"sh-column sh-column-2060fa06667325eda4b011baa2ee7eb9 fw-col-xs-12 fw-col-sm-4\" >\n\n\t\n\t<div class=\"sh-column-wrapper\">\n\t\t\n<div id=\"single-image-0cec5b0536662b52966e371c539cfa7f\" class=\"sh-single-image\">\n\t\n\t<div class=\"sh-single-image-container\">\n\t\t\t\t\t\t\t\t\t<a href=\"\/\/www.plouy.com\/wp-content\/uploads\/2017\/03\/MP_6580094-copie.jpg\" rel=\"lightbox\">\n\t\t\t\n\t\t\t\t<img decoding=\"async\" class=\"sh-image-url\" src=\"https:\/\/www.plouy-tardy.com\/wp-content\/uploads\/2017\/03\/MP_6580094-copie-1024x808.jpg\" alt=\"MP_6580094 copie\" \/>\n\t\t\t\t\n\t\t\t\t\t\t\t<\/a>\n\t\t\t\t\t\n\t\t\t<\/div>\n\n<\/div>\n\t<\/div>\n<\/div>\n<\/div>\n\n\t<\/div>\n<\/section>\n\n","protected":false},"excerpt":{"rendered":"<p>Der umfassendste Garnverarbeiter Wir haben die Produktionsprozesse der Garndrehung, Texturierung und Verzwirnung (Ummantelung) in einem Ort zusammengelegt. Durch diese verschiedenen technischen M\u00f6glichkeiten erreichen wir ein einzigartiges Know-how und k\u00f6nnen so unterschiedliche und \u00fcberaus komplexe Anforderungen erf\u00fcllen.Heute erm\u00f6glicht MOULINAGE DU PLOUY L\u00f6sungen von 22 bis 40&#8230;<\/p>\n","protected":false},"author":5,"featured_media":0,"parent":0,"menu_order":0,"comment_status":"closed","ping_status":"closed","template":"","meta":{"footnotes":""},"class_list":["post-10616","page","type-page","status-publish","hentry"],"_links":{"self":[{"href":"https:\/\/www.plouy-tardy.com\/de\/wp-json\/wp\/v2\/pages\/10616","targetHints":{"allow":["GET"]}}],"collection":[{"href":"https:\/\/www.plouy-tardy.com\/de\/wp-json\/wp\/v2\/pages"}],"about":[{"href":"https:\/\/www.plouy-tardy.com\/de\/wp-json\/wp\/v2\/types\/page"}],"author":[{"embeddable":true,"href":"https:\/\/www.plouy-tardy.com\/de\/wp-json\/wp\/v2\/users\/5"}],"replies":[{"embeddable":true,"href":"https:\/\/www.plouy-tardy.com\/de\/wp-json\/wp\/v2\/comments?post=10616"}],"version-history":[{"count":2,"href":"https:\/\/www.plouy-tardy.com\/de\/wp-json\/wp\/v2\/pages\/10616\/revisions"}],"predecessor-version":[{"id":10618,"href":"https:\/\/www.plouy-tardy.com\/de\/wp-json\/wp\/v2\/pages\/10616\/revisions\/10618"}],"wp:attachment":[{"href":"https:\/\/www.plouy-tardy.com\/de\/wp-json\/wp\/v2\/media?parent=10616"}],"curies":[{"name":"wp","href":"https:\/\/api.w.org\/{rel}","templated":true}]}}