{"id":10620,"date":"2022-02-14T11:48:32","date_gmt":"2022-02-14T10:48:32","guid":{"rendered":"https:\/\/www.plouy-tardy.com\/?page_id=10620"},"modified":"2022-02-14T16:00:07","modified_gmt":"2022-02-14T15:00:07","slug":"internationale-praesenz","status":"publish","type":"page","link":"https:\/\/www.plouy-tardy.com\/de\/internationale-praesenz\/","title":{"rendered":"Internationale Pr\u00e4senz"},"content":{"rendered":"\n<section class=\"sh-section sh-section-1d52c886c93b5ecb8e3ba13a3374a13d fw-main-row sh-section-visibility-everywhere\">\n\t\n\t\n\t<div class=\"sh-section-container container\">\n\t\t<div class=\"fw-row\">\n\t\n<div class=\"sh-column sh-column-4b34d1355367bcf7601a21d1f3f7696d fw-col-xs-12 fw-col-sm-6\" >\n\n\t\n\t<div class=\"sh-column-wrapper\">\n\t\t\n<div id=\"text-block-96856472030666e983c894fe11e94c54\" class=\"sh-text-block\">\n\t<p><span style=\"font-size: 14pt;\"><strong>Ein welweit anerkannter Lieferant<\/strong><\/span><\/p><p>Die Anerkennung bei der Qualit\u00e4t und Reaktionsschnelligkeit sowie die Vielfalt des Angebots von <strong>MOULINAGE DU PLOUY<\/strong> haben dazu beitragen, dass sich der Aktionsradius des Unternehmens mit der Zeit erheblich vergr\u00f6\u00dfert hat.<\/p><p><strong>Heute ist MOULINAGE DU PLOUY<\/strong> nicht nur in Europa pr\u00e4sent (Deutschland, England, \u00d6sterreich, Spanien, Frankreich, Italien, Lettland, Portugal, Tschechische Republik, Schweiz), sondern auch in Lateinamerika (Kolumbien), in den USA, in Asien (China, Indien, Sri Lanka, Thailand) sowie im Nahen Osten (\u00c4gypten, T\u00fcrkei) und in Afrika (Tunesien).<\/p><p>&nbsp;<\/p><\/div>\t<\/div>\n<\/div>\n<\/div>\n\n<div class=\"fw-row\">\n\t\n<div class=\"sh-column sh-column-fd543dd0b52178dd5962382045edd527 fw-col-xs-12\" >\n\n\t\n\t<div class=\"sh-column-wrapper\">\n\t\t\n<div id=\"single-image-4e2136da2c26bbaa7b56f3fc96472905\" class=\"sh-single-image\">\n\t\n\t<div class=\"sh-single-image-container\">\n\t\t\t\t\t\t\t\t\t<a href=\"\/\/www.plouy.com\/wp-content\/uploads\/2018\/03\/carte-UMAP-MDP-050318-bis.jpg\" rel=\"lightbox\">\n\t\t\t\n\t\t\t\t<img decoding=\"async\" class=\"sh-image-url\" src=\"https:\/\/www.plouy-tardy.com\/wp-content\/uploads\/2018\/03\/carte-UMAP-MDP-050318-bis-1024x520.jpg\" alt=\"Pr\u00e9sence internationale MOULINAGE DU PLOUY\" \/>\n\t\t\t\t\n\t\t\t\t\t\t\t<\/a>\n\t\t\t\t\t\n\t\t\t<\/div>\n\n<\/div>\n\t<\/div>\n<\/div>\n<\/div>\n\n\t<\/div>\n<\/section>\n\n","protected":false},"excerpt":{"rendered":"<p>Ein welweit anerkannter LieferantDie Anerkennung bei der Qualit\u00e4t und Reaktionsschnelligkeit sowie die Vielfalt des Angebots von MOULINAGE DU PLOUY haben dazu beitragen, dass sich der Aktionsradius des Unternehmens mit der Zeit erheblich vergr\u00f6\u00dfert hat.Heute ist MOULINAGE DU PLOUY nicht nur in Europa pr\u00e4sent (Deutschland, England,&#8230;<\/p>\n","protected":false},"author":5,"featured_media":0,"parent":0,"menu_order":0,"comment_status":"closed","ping_status":"closed","template":"","meta":{"footnotes":""},"class_list":["post-10620","page","type-page","status-publish","hentry"],"_links":{"self":[{"href":"https:\/\/www.plouy-tardy.com\/de\/wp-json\/wp\/v2\/pages\/10620","targetHints":{"allow":["GET"]}}],"collection":[{"href":"https:\/\/www.plouy-tardy.com\/de\/wp-json\/wp\/v2\/pages"}],"about":[{"href":"https:\/\/www.plouy-tardy.com\/de\/wp-json\/wp\/v2\/types\/page"}],"author":[{"embeddable":true,"href":"https:\/\/www.plouy-tardy.com\/de\/wp-json\/wp\/v2\/users\/5"}],"replies":[{"embeddable":true,"href":"https:\/\/www.plouy-tardy.com\/de\/wp-json\/wp\/v2\/comments?post=10620"}],"version-history":[{"count":2,"href":"https:\/\/www.plouy-tardy.com\/de\/wp-json\/wp\/v2\/pages\/10620\/revisions"}],"predecessor-version":[{"id":10622,"href":"https:\/\/www.plouy-tardy.com\/de\/wp-json\/wp\/v2\/pages\/10620\/revisions\/10622"}],"wp:attachment":[{"href":"https:\/\/www.plouy-tardy.com\/de\/wp-json\/wp\/v2\/media?parent=10620"}],"curies":[{"name":"wp","href":"https:\/\/api.w.org\/{rel}","templated":true}]}}