{"id":10652,"date":"2022-02-14T12:34:40","date_gmt":"2022-02-14T11:34:40","guid":{"rendered":"https:\/\/www.plouy-tardy.com\/?page_id=10652"},"modified":"2022-02-14T16:05:43","modified_gmt":"2022-02-14T15:05:43","slug":"texturierung","status":"publish","type":"page","link":"https:\/\/www.plouy-tardy.com\/de\/texturierung\/","title":{"rendered":"Texturierung"},"content":{"rendered":"\n<section class=\"sh-section sh-section-7f8e361a025cc8e5788de3338edf13da fw-main-row sh-section-visibility-everywhere\">\n\t\n\t\n\t<div class=\"sh-section-container container\">\n\t\t<div class=\"fw-row\">\n\t\n<div class=\"sh-column sh-column-e7fba6c3e7718ca8c07833ae219c0818 fw-col-xs-12 fw-col-sm-6\" >\n\n\t\n\t<div class=\"sh-column-wrapper\">\n\t\t\n<div id=\"text-block-fbc894e8d0195c65d2060ad283e0b5c5\" class=\"sh-text-block\">\n\t<h2><strong>Eigene Texturierungskapazit\u00e4ten<\/strong><\/h2><p>Die Texturierung (Verfahren, das Synthetikfasern Elastizit\u00e4t und Volumen verleiht), ist eine der herausragenden Kompetenzen von <strong>MOULINAGE DU PLOUY<\/strong>.<\/p><p>Dieser Vorgang ist in Bezug auf F\u00e4rbung, Griff (weicher Stoff), Aussehen (Volumen, mehr oder weniger blickdicht oder maximaler Glanz) und Reaktion der textilen Oberfl\u00e4chen (Elastizit\u00e4t, Best\u00e4ndigkeit) von besonderer Bedeutung.<\/p><p>&nbsp;<\/p><p>Im Gegensatz zu anderen gro\u00dfen Texturierungsunternehmen zeichnet sich MOULINAGE DU PLOUY durch individuelle Einstellungen aus und Dies um den besonderen Kundenerwartungen unabh\u00e4ngig vom jeweiligen Bereich gerecht zu werden.<\/p><p>Wir beherrschen verschiedene Texturierungsverfahren - Friktion, Spindeltexturieren, \u201eTaslan\u201c-Texturieren und Co-Texturieren (Texturierung verschiedener Komponenten) \u2013 und sind daher in der Lage, ein gro\u00dfes L\u00f6sungsportfolio anzubieten.<\/p><p>&nbsp;<\/p><\/div>\t<\/div>\n<\/div>\n\n<div class=\"sh-column sh-column-ad5ad722bb2b165a9e2d4813b2333572 fw-col-xs-12 fw-col-sm-6\" >\n\n\t\n\t<div class=\"sh-column-wrapper\">\n\t\t\n<div id=\"single-image-e1366aa8c29e9cb55219559bc97a383e\" class=\"sh-single-image\">\n\t\n\t<div class=\"sh-single-image-container\">\n\t\t\t\t\t\t\t\t\t<a href=\"\/\/www.plouy.com\/wp-content\/uploads\/2016\/01\/photo-broche-texturation-2.jpg\" rel=\"lightbox\">\n\t\t\t\n\t\t\t\t<img decoding=\"async\" class=\"sh-image-url\" src=\"https:\/\/www.plouy-tardy.com\/wp-content\/uploads\/2016\/01\/photo-broche-texturation-2.jpg\" alt=\"photo broche texturation 2\" \/>\n\t\t\t\t\n\t\t\t\t\t\t\t<\/a>\n\t\t\t\t\t\n\t\t\t<\/div>\n\n<\/div>\n\t<\/div>\n<\/div>\n<\/div>\n\n\t<\/div>\n<\/section>\n\n","protected":false},"excerpt":{"rendered":"<p>Eigene Texturierungskapazit\u00e4tenDie Texturierung (Verfahren, das Synthetikfasern Elastizit\u00e4t und Volumen verleiht), ist eine der herausragenden Kompetenzen von MOULINAGE DU PLOUY.Dieser Vorgang ist in Bezug auf F\u00e4rbung, Griff (weicher Stoff), Aussehen (Volumen, mehr oder weniger blickdicht oder maximaler Glanz) und Reaktion der textilen Oberfl\u00e4chen (Elastizit\u00e4t, Best\u00e4ndigkeit) von&#8230;<\/p>\n","protected":false},"author":5,"featured_media":0,"parent":0,"menu_order":0,"comment_status":"closed","ping_status":"closed","template":"","meta":{"footnotes":""},"class_list":["post-10652","page","type-page","status-publish","hentry"],"_links":{"self":[{"href":"https:\/\/www.plouy-tardy.com\/de\/wp-json\/wp\/v2\/pages\/10652","targetHints":{"allow":["GET"]}}],"collection":[{"href":"https:\/\/www.plouy-tardy.com\/de\/wp-json\/wp\/v2\/pages"}],"about":[{"href":"https:\/\/www.plouy-tardy.com\/de\/wp-json\/wp\/v2\/types\/page"}],"author":[{"embeddable":true,"href":"https:\/\/www.plouy-tardy.com\/de\/wp-json\/wp\/v2\/users\/5"}],"replies":[{"embeddable":true,"href":"https:\/\/www.plouy-tardy.com\/de\/wp-json\/wp\/v2\/comments?post=10652"}],"version-history":[{"count":2,"href":"https:\/\/www.plouy-tardy.com\/de\/wp-json\/wp\/v2\/pages\/10652\/revisions"}],"predecessor-version":[{"id":10654,"href":"https:\/\/www.plouy-tardy.com\/de\/wp-json\/wp\/v2\/pages\/10652\/revisions\/10654"}],"wp:attachment":[{"href":"https:\/\/www.plouy-tardy.com\/de\/wp-json\/wp\/v2\/media?parent=10652"}],"curies":[{"name":"wp","href":"https:\/\/api.w.org\/{rel}","templated":true}]}}