{"id":10656,"date":"2022-02-14T12:37:14","date_gmt":"2022-02-14T11:37:14","guid":{"rendered":"https:\/\/www.plouy-tardy.com\/?page_id=10656"},"modified":"2022-02-14T16:06:58","modified_gmt":"2022-02-14T15:06:58","slug":"zwirnen","status":"publish","type":"page","link":"https:\/\/www.plouy-tardy.com\/de\/zwirnen\/","title":{"rendered":"Zwirnen"},"content":{"rendered":"\n<section class=\"sh-section sh-section-2c8fb52758d7841904367ae14abea156 fw-main-row sh-section-visibility-everywhere\">\n\t\n\t\n\t<div class=\"sh-section-container container\">\n\t\t<div class=\"fw-row\">\n\t\n<div class=\"sh-column sh-column-92f9db3dfa61a64722322c0aae2c0306 fw-col-xs-12 fw-col-sm-6\" >\n\n\t\n\t<div class=\"sh-column-wrapper\">\n\t\t\n<div id=\"text-block-0e0653f371fde8b1aaaa2659076567ea\" class=\"sh-text-block\">\n\t<h2><strong>Das Zwirner : Kerngesch\u00e4ft Moulinages du Plouy <\/strong><\/h2><p>Das Verdrehen einer oder mehrerer Garne zur Erh\u00f6hung ihrer Best\u00e4ndigkeit zur Erleichterung beim Weben und\/oder zur Kombination verschiedener optischer oder technischer Merkmale geh\u00f6rt zum herausragenden Know-how von <strong>MOULINAGE DU PLOUY<\/strong>.<\/p><p>Wir beherrschen alle Verarbeitungsarten je nach gew\u00fcnschtem Effekt, wie Standardzwirn, Organzin (Anwendung einer Prim\u00e4rverdrehung und einer Endverdrehung f\u00fcr ein rundes Garn), Kablieren, Cordonnet.<\/p><p>&nbsp;<\/p><\/div>\t<\/div>\n<\/div>\n\n<div class=\"sh-column sh-column-087601f27ab37932c3ba9860bc367863 fw-col-xs-12 fw-col-sm-6\" >\n\n\t\n\t<div class=\"sh-column-wrapper\">\n\t\t\n<div id=\"single-image-426f0d1ad430dbfc36d6bec5f998faf6\" class=\"sh-single-image\">\n\t\n\t<div class=\"sh-single-image-container\">\n\t\t\t\t\t\t\t\t\t<a href=\"\/\/www.plouy.com\/wp-content\/uploads\/2017\/03\/MP_6580105-copie.jpg\" rel=\"lightbox\">\n\t\t\t\n\t\t\t\t<img decoding=\"async\" class=\"sh-image-url\" src=\"https:\/\/www.plouy-tardy.com\/wp-content\/uploads\/2017\/03\/MP_6580105-copie-1024x768.jpg\" alt=\"machines de retordage DT AR\" \/>\n\t\t\t\t\n\t\t\t\t\t\t\t<\/a>\n\t\t\t\t\t\n\t\t\t<\/div>\n\n<\/div>\n\t<\/div>\n<\/div>\n<\/div>\n\n\t<\/div>\n<\/section>\n\n","protected":false},"excerpt":{"rendered":"<p>Das Zwirner : Kerngesch\u00e4ft Moulinages du Plouy Das Verdrehen einer oder mehrerer Garne zur Erh\u00f6hung ihrer Best\u00e4ndigkeit zur Erleichterung beim Weben und\/oder zur Kombination verschiedener optischer oder technischer Merkmale geh\u00f6rt zum herausragenden Know-how von MOULINAGE DU PLOUY.Wir beherrschen alle Verarbeitungsarten je nach gew\u00fcnschtem Effekt, wie&#8230;<\/p>\n","protected":false},"author":5,"featured_media":0,"parent":0,"menu_order":0,"comment_status":"closed","ping_status":"closed","template":"","meta":{"footnotes":""},"class_list":["post-10656","page","type-page","status-publish","hentry"],"_links":{"self":[{"href":"https:\/\/www.plouy-tardy.com\/de\/wp-json\/wp\/v2\/pages\/10656","targetHints":{"allow":["GET"]}}],"collection":[{"href":"https:\/\/www.plouy-tardy.com\/de\/wp-json\/wp\/v2\/pages"}],"about":[{"href":"https:\/\/www.plouy-tardy.com\/de\/wp-json\/wp\/v2\/types\/page"}],"author":[{"embeddable":true,"href":"https:\/\/www.plouy-tardy.com\/de\/wp-json\/wp\/v2\/users\/5"}],"replies":[{"embeddable":true,"href":"https:\/\/www.plouy-tardy.com\/de\/wp-json\/wp\/v2\/comments?post=10656"}],"version-history":[{"count":2,"href":"https:\/\/www.plouy-tardy.com\/de\/wp-json\/wp\/v2\/pages\/10656\/revisions"}],"predecessor-version":[{"id":10658,"href":"https:\/\/www.plouy-tardy.com\/de\/wp-json\/wp\/v2\/pages\/10656\/revisions\/10658"}],"wp:attachment":[{"href":"https:\/\/www.plouy-tardy.com\/de\/wp-json\/wp\/v2\/media?parent=10656"}],"curies":[{"name":"wp","href":"https:\/\/api.w.org\/{rel}","templated":true}]}}