{"id":10660,"date":"2022-02-14T12:44:23","date_gmt":"2022-02-14T11:44:23","guid":{"rendered":"https:\/\/www.plouy-tardy.com\/?page_id=10660"},"modified":"2022-02-14T16:06:14","modified_gmt":"2022-02-14T15:06:14","slug":"umspinnung","status":"publish","type":"page","link":"https:\/\/www.plouy-tardy.com\/de\/umspinnung\/","title":{"rendered":"Umspinnung"},"content":{"rendered":"\n<section class=\"sh-section sh-section-cb46faa5897811bab79e09c89972f952 fw-main-row sh-section-visibility-everywhere\">\n\t\n\t\n\t<div class=\"sh-section-container container section-justify-height\">\n\t\t<div class=\"fw-row\">\n\t\n<div class=\"sh-column sh-column-71309857497b4f6bd1c31331bc9cdecd fw-col-xs-12 fw-col-sm-6\" >\n\n\t\n\t<div class=\"sh-column-wrapper\">\n\t\t\n<div id=\"text-block-029a539c327fe49a6265685273ea370a\" class=\"sh-text-block\">\n\t<h2><strong>Eine einmalige Erfahrung f\u00fcr die Umspinnung <\/strong><\/h2><p>Dieser Vorgang besteht darin, einen sog. \u201eSeelenfaden\u201c, mit einem oder mehreren F\u00e4den zu ummanteln, um entweder den Seelenfaden und seine Eigenschaften bei technischen Anwendungen zu sch\u00fctzen oder einer Textilfl\u00e4che mehr Relief zu verleihen und so ihr Aussehen zu verbessern.<\/p><p><strong>MOULINAGE DU PLOUY<\/strong> ist seit langem f\u00fcr sein Know-how auf diesem Gebiet anerkannt, zu dem sowohl die einfache als auch die doppelte Umspinnung einer steifen oder elastischen Seele geh\u00f6ren. Im Rahmen individueller Entwicklungen kann die Anzahl der Ummantelungen erh\u00f6ht werden, um mehrere Elemente zu kombinieren.<\/p><p>Alle Parameter k\u00f6nnen an die Anforderungen jedes Unternehmens angepasst werden, wie Zusammensetzung, Feinheit (Titel),\u00a0 Elastizit\u00e4t,\u00a0 Windungenabstand (vollst\u00e4ndige oder teilweise Umspinnung).<\/p><p>Dar\u00fcber hinaus k\u00f6nnen wir unsere Maschinen zur Herstellung von Spezialprodukten anpassen (Bsp.: atypischer Spulendurchmesser, Verwendung von abrasiven Materialien)<\/p><p>&nbsp;<\/p><\/div>\t<\/div>\n<\/div>\n\n<div class=\"sh-column sh-column-40b131a647392341e2115135e1a085bd fw-col-xs-12 fw-col-sm-6\" >\n\n\t\n\t<div class=\"sh-column-wrapper\">\n\t\t\n<div id=\"single-image-4777723675e5ddf667c902feb6bc16ac\" class=\"sh-single-image\">\n\t\n\t<div class=\"sh-single-image-container\">\n\t\t\t\t\t\t\t\t\t<a href=\"\/\/www.plouy.com\/wp-content\/uploads\/2017\/03\/MP_6580156-copie.jpg\" rel=\"lightbox\">\n\t\t\t\n\t\t\t\t<img decoding=\"async\" class=\"sh-image-url\" src=\"https:\/\/www.plouy-tardy.com\/wp-content\/uploads\/2017\/03\/MP_6580156-copie-1024x743.jpg\" alt=\"moulin de guipage\" \/>\n\t\t\t\t\n\t\t\t\t\t\t\t<\/a>\n\t\t\t\t\t\n\t\t\t<\/div>\n\n<\/div>\n\t<\/div>\n<\/div>\n<\/div>\n\n\t<\/div>\n<\/section>\n\n","protected":false},"excerpt":{"rendered":"<p>Eine einmalige Erfahrung f\u00fcr die Umspinnung Dieser Vorgang besteht darin, einen sog. \u201eSeelenfaden\u201c, mit einem oder mehreren F\u00e4den zu ummanteln, um entweder den Seelenfaden und seine Eigenschaften bei technischen Anwendungen zu sch\u00fctzen oder einer Textilfl\u00e4che mehr Relief zu verleihen und so ihr Aussehen zu verbessern.MOULINAGE&#8230;<\/p>\n","protected":false},"author":5,"featured_media":0,"parent":0,"menu_order":0,"comment_status":"closed","ping_status":"closed","template":"","meta":{"footnotes":""},"class_list":["post-10660","page","type-page","status-publish","hentry"],"_links":{"self":[{"href":"https:\/\/www.plouy-tardy.com\/de\/wp-json\/wp\/v2\/pages\/10660","targetHints":{"allow":["GET"]}}],"collection":[{"href":"https:\/\/www.plouy-tardy.com\/de\/wp-json\/wp\/v2\/pages"}],"about":[{"href":"https:\/\/www.plouy-tardy.com\/de\/wp-json\/wp\/v2\/types\/page"}],"author":[{"embeddable":true,"href":"https:\/\/www.plouy-tardy.com\/de\/wp-json\/wp\/v2\/users\/5"}],"replies":[{"embeddable":true,"href":"https:\/\/www.plouy-tardy.com\/de\/wp-json\/wp\/v2\/comments?post=10660"}],"version-history":[{"count":2,"href":"https:\/\/www.plouy-tardy.com\/de\/wp-json\/wp\/v2\/pages\/10660\/revisions"}],"predecessor-version":[{"id":10662,"href":"https:\/\/www.plouy-tardy.com\/de\/wp-json\/wp\/v2\/pages\/10660\/revisions\/10662"}],"wp:attachment":[{"href":"https:\/\/www.plouy-tardy.com\/de\/wp-json\/wp\/v2\/media?parent=10660"}],"curies":[{"name":"wp","href":"https:\/\/api.w.org\/{rel}","templated":true}]}}