{"id":10694,"date":"2022-02-14T15:11:42","date_gmt":"2022-02-14T14:11:42","guid":{"rendered":"https:\/\/www.plouy-tardy.com\/?page_id=10694"},"modified":"2022-02-14T16:05:21","modified_gmt":"2022-02-14T15:05:21","slug":"technische-textilien","status":"publish","type":"page","link":"https:\/\/www.plouy-tardy.com\/de\/technische-textilien\/","title":{"rendered":"Technische Textilien"},"content":{"rendered":"\n<section class=\"sh-section sh-section-bbca5e3a4ef1ae67dfef805e58d6069c fw-main-row sh-section-visibility-everywhere\">\n\t\n\t\n\t<div class=\"sh-section-container container\">\n\t\t<div class=\"fw-row\">\n\t\n<div class=\"sh-column sh-column-de69ccd04ba80fb979c4346f128809bb fw-col-xs-12\" >\n\n\t\n\t<div class=\"sh-column-wrapper\">\n\t\t\n<div id=\"text-block-15fd0fb30a6534e6978baf199bf9a278\" class=\"sh-text-block\">\n\t<h2><strong>Allgemeine Kompetenz auf dem Markt f\u00fcr technische Textilien<\/strong><\/h2><p>Die von uns auf diesem Gebiet entwickelten Produkte sind so ausgelegt, dass sie den besonderen technischen Anforderungen unserer Kunden entsprechen. Das sind zum Beispiel bestimmte textile Leistungsmerkmale, wie Best\u00e4ndigkeit und Festigkeit (Hitzebest\u00e4ndigkeit, Zug-, Schnitt,- Abrasions- und Perforationsfestigkeit), Elastizit\u00e4t, Leitf\u00e4higkeit und Dehnung. Ein weiteres Ziel kann auch die Entwicklung von Garnen sein, die mit bestimmten, einsatzbezogenen Web- oder Strickbedingungen verbunden sind, zum Beispiel von empfindlichen Materialien.<\/p><p>Wir haben uns insbesondere auf folgende Gebiete spezialisiert:<\/p><p>&nbsp;<\/p><ul><li>Materialkombinationen wie hochfestes Polyester, Polyethylen, Polypropylen, Aramid, Metall, Edelstahl, Basalt, Glas, PVA, Karbonfaser. Wir sind sehr flexibel, was die Zusammensetzung, Feinheit und Zwirnrichtung betrifft, vorausgesetzt, die physikalischen Eigenschaften der verwendeten Materialien stellen kein Hindernis dar.<\/li><li>Texturierung von hochfesten Endlosgarnen aus Polyester und Polypropylen zur Wahrung einer maximalen Festigkeit.<\/li><\/ul><p>Wir k\u00f6nnen unsere Arbeiten unter folgenden Konditionen ausf\u00fchren:<\/p><ul><li>Lohnarbeit (falls gew\u00fcnscht oder erforderlich),<\/li><li>Einhaltung eines Lastenhefts,<\/li><li>Audit unserer Verfahren<\/li><\/ul><p>Unsere Hauptanwendungsgebiete sind:<\/p><p>&nbsp;<\/p><\/div>\n<div id=\"divider-d2681a510ea2c4743c7084d73a210b5c\" class=\"sh-divider sh-divider-center sh-divider-content-none\">\n\t\t\t<div class=\"sh-divider-line\"><\/div>\n\t<\/div>\n\t<\/div>\n<\/div>\n<\/div>\n\n<div class=\"fw-row\">\n\t\n<div class=\"sh-column sh-column-2ee829e95f083584b474dc4641641f90 fw-col-xs-12 fw-col-sm-6\" >\n\n\t\n\t<div class=\"sh-column-wrapper\">\n\t\t\n<div id=\"text-block-50f8adef2280ad480f448bace0ad8606\" class=\"sh-text-block\">\n\t<h3><strong>Individuelle Schutzausr\u00fcstung <\/strong><\/h3><p><strong>MOULINAGE DU PLOUY - TARDY<\/strong> ist das f\u00fchrende Unternehmen in Frankreich, das seit 1990 Karbonfasern mit PES- oder PA-Basis assembliert.<\/p><p>Seitdem haben wir unser Angebot an antistatischen Garnen kontinuierlich durch Kombinationen mit Baumwolle oder Modacryl erweitert.<\/p><p>Wir arbeiten mit den bekanntesten Karbonfasermarken zusammen: Belltron\u00ae Negastat\u00ae, Resistat\u00ae, No-Shock\u00ae.<\/p><p>Dank dieser Zusammenarbeit sind wir in der Lage, an jede Situation angepasste L\u00f6sungen zu liefern, unabh\u00e4ngig von der beabsichtigten Anwendung. Diese reichen vom Schutz vor Lichtb\u00f6gen \u00fcber Arbeiten in Reinr\u00e4umen (Vermeidung von Ablagerungen auf elektronischen Komponenten) bis hin zu Filterung und Innendekoration (Ableitung statischer Elektrizit\u00e4t f\u00fcr mehr Komfort).<\/p><p>Wir halten unsere Standardartikel auf Lager. F\u00fcr andere Kombinationen ist eine Produktionsfrist von 2 bis 4 Wochen oder l\u00e4nger f\u00fcr sehr spezifische Produkte zu ber\u00fccksichtigen.<\/p><p>Im Bereich der Sicherheit stellen wir dar\u00fcber hinaus Spezialzwirne her, die sich f\u00fcr extreme Arbeitsbedingungen eignen.<\/p><p>&nbsp;<\/p><\/div>\t<\/div>\n<\/div>\n\n<div class=\"sh-column sh-column-b67022cdc5ec50e19e5ab1de1953fa65 fw-col-xs-12 fw-col-sm-6\" >\n\n\t\n\t<div class=\"sh-column-wrapper\">\n\t\t\n<div id=\"single-image-6612faa72c213d591e3b0691271c029e\" class=\"sh-single-image\">\n\t\n\t<div class=\"sh-single-image-container\">\n\t\t\t\t\t\t\t\t\t<a href=\"\/\/www.plouy.com\/wp-content\/uploads\/2018\/03\/Protection-individuelle-e1528125399707.jpeg\" rel=\"lightbox\">\n\t\t\t\n\t\t\t\t<img decoding=\"async\" class=\"sh-image-url\" src=\"https:\/\/www.plouy-tardy.com\/wp-content\/uploads\/2018\/03\/Protection-individuelle-1024x927.jpeg\" alt=\"protection individuelle textiles techniques\" \/>\n\t\t\t\t\n\t\t\t\t\t\t\t<\/a>\n\t\t\t\t\t\n\t\t\t<\/div>\n\n<\/div>\n\t<\/div>\n<\/div>\n<\/div>\n\n<div class=\"fw-row\">\n\t\n<div class=\"sh-column sh-column-fe8608cb1df931dfd2ab8907ee16277c fw-col-xs-12\" >\n\n\t\n\t<div class=\"sh-column-wrapper\">\n\t\t\n<div id=\"divider-7215cd2087233c25c646e1266b541f51\" class=\"sh-divider sh-divider-center sh-divider-content-none\">\n\t\t\t<div class=\"sh-divider-line\"><\/div>\n\t<\/div>\n\t<\/div>\n<\/div>\n<\/div>\n\n<div class=\"fw-row\">\n\t\n<div class=\"sh-column sh-column-5b52cbd60f35e4ad9410b68b13369c60 fw-col-xs-12 fw-col-sm-6\" >\n\n\t\n\t<div class=\"sh-column-wrapper\">\n\t\t\n<div id=\"single-image-7456ef74b3cb787387d28849b241c700\" class=\"sh-single-image\">\n\t\n\t<div class=\"sh-single-image-container\">\n\t\t\t\t\t\t\t\t\t<a href=\"\/\/www.plouy.com\/wp-content\/uploads\/2018\/03\/filtration-mine-1-e1528125555948.jpeg\" rel=\"lightbox\">\n\t\t\t\n\t\t\t\t<img decoding=\"async\" class=\"sh-image-url\" src=\"https:\/\/www.plouy-tardy.com\/wp-content\/uploads\/2018\/03\/filtration-mine-1-1024x739.jpeg\" alt=\"station d&#039;\u00e9puration textiles \u00e0 usage techniques\" \/>\n\t\t\t\t\n\t\t\t\t\t\t\t<\/a>\n\t\t\t\t\t\n\t\t\t<\/div>\n\n<\/div>\n\t<\/div>\n<\/div>\n\n<div class=\"sh-column sh-column-efd348364ce801b977a09cfd2d2e8424 fw-col-xs-12 fw-col-sm-6 sh-animated fadeIn\" data-wow-duration=\"2s\">\n\n\t\n\t<div class=\"sh-column-wrapper\">\n\t\t\n<div id=\"text-block-bca9a01e8f997acee39667139a3c671e\" class=\"sh-text-block\">\n\t<h3><strong>Filterung <\/strong><\/h3><p>Dank unserer Erfahrung in der Texturierung ist es uns gelungen, Spezialgarne f\u00fcr die Filterung zu entwickeln, deren Kr\u00e4uselung und Elastizit\u00e4t sich f\u00fcr die Extraktion von Materialien wie Eisenerz eignen.<\/p><p>F\u00fcr die Luftfilterung bieten wir Kombinationen auf Karbonfaserbasis, die besonders fl\u00fcchtige Partikel mit einem Sicherheitsrisiko f\u00fcr Industriebetriebe filtern k\u00f6nnen.<\/p><p>&nbsp;<\/p><\/div>\t<\/div>\n<\/div>\n<\/div>\n\n<div class=\"fw-row\">\n\t\n<div class=\"sh-column sh-column-37ab8236b9592481f9f73ca950663014 fw-col-xs-12\" >\n\n\t\n\t<div class=\"sh-column-wrapper\">\n\t\t\n<div id=\"divider-3e660a937a35a4bbb72c886279f9b8e6\" class=\"sh-divider sh-divider-center sh-divider-content-none\">\n\t\t\t<div class=\"sh-divider-line\"><\/div>\n\t<\/div>\n\t<\/div>\n<\/div>\n<\/div>\n\n<div class=\"fw-row\">\n\t\n<div class=\"sh-column sh-column-33caebd8c01008a0ee86a7c2f592c213 fw-col-xs-12 fw-col-sm-6\" >\n\n\t\n\t<div class=\"sh-column-wrapper\">\n\t\t\n<div id=\"text-block-cde7b3ed03e388baed113462de7a2fee\" class=\"sh-text-block\">\n\t<h3><strong>Verbundstoff <\/strong><\/h3><p><strong>MOULINAGE DU PLOUY<\/strong> macht Fadenverband (z.B. Glas + Peek oder Glas + PP) die zur Herstellung von Verst\u00e4rkungen f\u00fcr Hybrid-Verbundwerkstoffe werwendet werden.<\/p><ul><li>Die St\u00e4rken <strong>Moulinage du Plouy<\/strong> in diesem Bereich sind folgende\u00a0:<\/li><li>Entwicklung spezieller Maschinen f\u00fcr die verschiedenen Arten von benutzten Textilverst\u00e4rkungen, f\u00fcr deren Montage die Standardausr\u00fcstung in der Regel nicht geeignet ist;<\/li><li>Die Bereitstellung einer breiten Auswahl an Fadenverbandsverfahren\u00a0: Texturierung, Drehen, Umwickeln, Verkabeln, Organsin, Luftkomplettieren.<\/li><li>Ein Labor mit moderner, regelm\u00e4ssiger \u00fcberpr\u00fcfter Ausr\u00fcstung\u00a0; das auf Datenbl\u00e4tter, Zertifikate und Kontrolle Protokolle zur Verf\u00fcgung stellt<\/li><\/ul><p>Die wichtigsten betreffenden Anwendungen sind folgende\u00a0:<\/p><ul><li>Medizinisch<\/li><li>Industrie<\/li><li>Luft,-und Raumfahrt<\/li><li>Nautisch<\/li><\/ul><p>&nbsp;<\/p><\/div>\t<\/div>\n<\/div>\n\n<div class=\"sh-column sh-column-d1d43e99756e8f852632f653bd29cbdd fw-col-xs-12 fw-col-sm-6\" >\n\n\t\n\t<div class=\"sh-column-wrapper\">\n\t\t\n<div id=\"single-image-9bdbd7d4563a6b43aa77bc0faf60480a\" class=\"sh-single-image\">\n\t\n\t<div class=\"sh-single-image-container\">\n\t\t\t\t\t\t\t\t\t<a href=\"\/\/www.plouy.com\/wp-content\/uploads\/2018\/03\/composites-e1528125673844.jpeg\" rel=\"lightbox\">\n\t\t\t\n\t\t\t\t<img decoding=\"async\" class=\"sh-image-url\" src=\"https:\/\/www.plouy-tardy.com\/wp-content\/uploads\/2018\/03\/composites-1024x683.jpeg\" alt=\"tissus composites \u00e0 partir de carbone\" \/>\n\t\t\t\t\n\t\t\t\t\t\t\t<\/a>\n\t\t\t\t\t\n\t\t\t<\/div>\n\n<\/div>\n\t<\/div>\n<\/div>\n<\/div>\n\n<div class=\"fw-row\">\n\t\n<div class=\"sh-column sh-column-4d4acf413d14c74f6c4bb5f2adfcfd93 fw-col-xs-12 fw-col-sm-6\" >\n\n\t\n\t<div class=\"sh-column-wrapper\">\n\t\t\n<div id=\"single-image-983232825855a480c06e3bdc1f39941d\" class=\"sh-single-image\">\n\t\n\t<div class=\"sh-single-image-container\">\n\t\t\t\t\t\t\t\t\t<a href=\"\/\/www.plouy.com\/wp-content\/uploads\/2018\/03\/medical-paramedical.jpeg\" rel=\"lightbox\">\n\t\t\t\n\t\t\t\t<img decoding=\"async\" class=\"sh-image-url\" src=\"https:\/\/www.plouy-tardy.com\/wp-content\/uploads\/2018\/03\/medical-paramedical-1024x678.jpeg\" alt=\"Different rolls of medical bandages on a black background\" \/>\n\t\t\t\t\n\t\t\t\t\t\t\t<\/a>\n\t\t\t\t\t\n\t\t\t<\/div>\n\n<\/div>\n\t<\/div>\n<\/div>\n\n<div class=\"sh-column sh-column-44f82fc0d0353b86e1cbb054875be6cf fw-col-xs-12 fw-col-sm-6\" >\n\n\t\n\t<div class=\"sh-column-wrapper\">\n\t\t\n<div id=\"text-block-5ce39c5226a11aae5174afd183e781b7\" class=\"sh-text-block\">\n\t<h3><strong>Medizinische und paramedizinische Produkte <\/strong><\/h3><p>Wir liefern Garne f\u00fcr paramedizinische Anwendungen wie die Herstellung von St\u00fctzstr\u00fcmpfen oder Orthesen, sowie f\u00fcr medizinische Produkte, die in den menschlichen K\u00f6rper implantiert werden.<\/p><\/div>\t<\/div>\n<\/div>\n<\/div>\n\n\t<\/div>\n<\/section>\n\n","protected":false},"excerpt":{"rendered":"<p>Allgemeine Kompetenz auf dem Markt f\u00fcr technische TextilienDie von uns auf diesem Gebiet entwickelten Produkte sind so ausgelegt, dass sie den besonderen technischen Anforderungen unserer Kunden entsprechen. Das sind zum Beispiel bestimmte textile Leistungsmerkmale, wie Best\u00e4ndigkeit und Festigkeit (Hitzebest\u00e4ndigkeit, Zug-, Schnitt,- Abrasions- und Perforationsfestigkeit), Elastizit\u00e4t,&#8230;<\/p>\n","protected":false},"author":5,"featured_media":0,"parent":0,"menu_order":0,"comment_status":"closed","ping_status":"closed","template":"","meta":{"footnotes":""},"class_list":["post-10694","page","type-page","status-publish","hentry"],"_links":{"self":[{"href":"https:\/\/www.plouy-tardy.com\/de\/wp-json\/wp\/v2\/pages\/10694","targetHints":{"allow":["GET"]}}],"collection":[{"href":"https:\/\/www.plouy-tardy.com\/de\/wp-json\/wp\/v2\/pages"}],"about":[{"href":"https:\/\/www.plouy-tardy.com\/de\/wp-json\/wp\/v2\/types\/page"}],"author":[{"embeddable":true,"href":"https:\/\/www.plouy-tardy.com\/de\/wp-json\/wp\/v2\/users\/5"}],"replies":[{"embeddable":true,"href":"https:\/\/www.plouy-tardy.com\/de\/wp-json\/wp\/v2\/comments?post=10694"}],"version-history":[{"count":1,"href":"https:\/\/www.plouy-tardy.com\/de\/wp-json\/wp\/v2\/pages\/10694\/revisions"}],"predecessor-version":[{"id":10696,"href":"https:\/\/www.plouy-tardy.com\/de\/wp-json\/wp\/v2\/pages\/10694\/revisions\/10696"}],"wp:attachment":[{"href":"https:\/\/www.plouy-tardy.com\/de\/wp-json\/wp\/v2\/media?parent=10694"}],"curies":[{"name":"wp","href":"https:\/\/api.w.org\/{rel}","templated":true}]}}