{"id":9549,"date":"2017-05-29T15:12:08","date_gmt":"2017-05-29T13:12:08","guid":{"rendered":"http:\/\/www.plouy.com\/?page_id=9549\/"},"modified":"2018-07-25T11:21:24","modified_gmt":"2018-07-25T09:21:24","slug":"home-textile","status":"publish","type":"page","link":"https:\/\/www.plouy-tardy.com\/en\/home-textile\/","title":{"rendered":"Home textile"},"content":{"rendered":"\n<section class=\"sh-section sh-section-300cef62bbb0ec7d42785738e82e714f fw-main-row sh-section-visibility-everywhere\">\n\t\n\t\n\t<div class=\"sh-section-container container\">\n\t\t<div class=\"fw-row\">\n\t\n<div class=\"sh-column sh-column-d49799127b4c31b81feb0e67bd321e7a fw-col-xs-12 fw-col-sm-6\" >\n\n\t\n\t<div class=\"sh-column-wrapper\">\n\t\t\n<div id=\"text-block-220eccf52ef58f2962d0a314f8b2fb51\" class=\"sh-text-block\">\n\t<h2>The fancy yarns specialist<\/h2><p>We exclusively supply fancy yarns marketed under the <strong>Emile TARDY <\/strong>brand, heir of <strong>CHAVANOZ<\/strong>.<\/p><p>We consistently add the lastest and most inspiring additions to our collection to service all needs<\/p><p>The PES (bright or semi-dull, standard or FR, basic or cationic) is our main base, which we combine, depending on the references, with other materials such as but not limited to metallic yarns and viscose.<\/p><p>More specifically, our offer includes the following categories :<\/p><ul><li><h3><strong>Mousseline\/sabl\u00e9 yarns<\/strong><\/h3><\/li><\/ul><p>Applications: sheer, embroidery base.<\/p><p>Counts: from 90 to 1200 dTex in bright or semi dull.<\/p><ul><li><h3><strong>Flamm\u00e9\u00a0yarns<\/strong><\/h3><\/li><\/ul><p>Types: flamm\u00e9 sabl\u00e9, flamm\u00e9, doupion, shantung.<\/p><p>Applications: sheer, double curtain.<\/p><p>Counts: from 90 to 770 dTex in bright or semi dull.<\/p><ul><li><h3><strong>Structured yarns<\/strong><\/h3><\/li><\/ul><p>Types: bouclette, boutonn\u00e9, bouclette flamm\u00e9, flamme effect, moulin\u00e9, ond\u00e9, bicolor shantung<\/p><p>Applications: sheer, double curtain, these raw-white or multicolored yarns will give character to your fabrics.<\/p><p>Counts: from 90 to 770 dTex in bright or semi dull.<\/p><p>&nbsp;<\/p><\/div>\t<\/div>\n<\/div>\n\n<div class=\"sh-column sh-column-68a19b85116c117d314bd578316a7ae2 fw-col-xs-12 fw-col-sm-6\" >\n\n\t\n\t<div class=\"sh-column-wrapper\">\n\t\t\n<div id=\"single-image-bd7afcb6a71a2ea9a2b090a212a77119\" class=\"sh-single-image\">\n\t\n\t<div class=\"sh-single-image-container\">\n\t\t\t\t\t\t\t\t\t<a href=\"\/\/www.plouy.com\/wp-content\/uploads\/2017\/03\/photo-recorbet-3.jpg\" rel=\"lightbox\">\n\t\t\t\n\t\t\t\t<img decoding=\"async\" class=\"sh-image-url\" src=\"https:\/\/www.plouy-tardy.com\/wp-content\/uploads\/2017\/03\/photo-recorbet-3-1024x768.jpg\" alt=\"picture of a recorbet  sheer 3\" \/>\n\t\t\t\t\n\t\t\t\t\t\t\t<\/a>\n\t\t\t\t\t\n\t\t\t<\/div>\n\n<\/div>\n\t<\/div>\n<\/div>\n<\/div>\n\n\t<\/div>\n<\/section>\n\n","protected":false},"excerpt":{"rendered":"<p>The fancy yarns specialistWe exclusively supply fancy yarns marketed under the Emile TARDY brand, heir of CHAVANOZ.We consistently add the lastest and most inspiring additions to our collection to service all needsThe PES (bright or semi-dull, standard or FR, basic or cationic) is our main&#8230;<\/p>\n","protected":false},"author":2,"featured_media":0,"parent":0,"menu_order":0,"comment_status":"closed","ping_status":"closed","template":"","meta":{"footnotes":""},"class_list":["post-9549","page","type-page","status-publish","hentry"],"_links":{"self":[{"href":"https:\/\/www.plouy-tardy.com\/en\/wp-json\/wp\/v2\/pages\/9549","targetHints":{"allow":["GET"]}}],"collection":[{"href":"https:\/\/www.plouy-tardy.com\/en\/wp-json\/wp\/v2\/pages"}],"about":[{"href":"https:\/\/www.plouy-tardy.com\/en\/wp-json\/wp\/v2\/types\/page"}],"author":[{"embeddable":true,"href":"https:\/\/www.plouy-tardy.com\/en\/wp-json\/wp\/v2\/users\/2"}],"replies":[{"embeddable":true,"href":"https:\/\/www.plouy-tardy.com\/en\/wp-json\/wp\/v2\/comments?post=9549"}],"version-history":[{"count":11,"href":"https:\/\/www.plouy-tardy.com\/en\/wp-json\/wp\/v2\/pages\/9549\/revisions"}],"predecessor-version":[{"id":10112,"href":"https:\/\/www.plouy-tardy.com\/en\/wp-json\/wp\/v2\/pages\/9549\/revisions\/10112"}],"wp:attachment":[{"href":"https:\/\/www.plouy-tardy.com\/en\/wp-json\/wp\/v2\/media?parent=9549"}],"curies":[{"name":"wp","href":"https:\/\/api.w.org\/{rel}","templated":true}]}}