{"id":10599,"date":"2022-02-14T11:25:40","date_gmt":"2022-02-14T10:25:40","guid":{"rendered":"https:\/\/www.plouy-tardy.com\/?page_id=10599"},"modified":"2022-02-14T16:10:32","modified_gmt":"2022-02-14T15:10:32","slug":"presenza-internazionale","status":"publish","type":"page","link":"https:\/\/www.plouy-tardy.com\/it\/presenza-internazionale\/","title":{"rendered":"Presenza internazionale"},"content":{"rendered":"\n<section class=\"sh-section sh-section-299df9771e26e55b92e9f6dc41e62e74 fw-main-row sh-section-visibility-everywhere\">\n\t\n\t\n\t<div class=\"sh-section-container container\">\n\t\t<div class=\"fw-row\">\n\t\n<div class=\"sh-column sh-column-4b34d1355367bcf7601a21d1f3f7696d fw-col-xs-12 fw-col-sm-6\" >\n\n\t\n\t<div class=\"sh-column-wrapper\">\n\t\t\n<div id=\"text-block-96856472030666e983c894fe11e94c54\" class=\"sh-text-block\">\n\t<p><span style=\"font-size: 14pt;\"><strong>Un fornitore riconosciuto a livello internazionale<\/strong><\/span><\/p><p>Grazie alla qualit\u00e0, alla reattivit\u00e0 e alla vastit\u00e0 della propria offerta, il raggio d\u2019azione di <strong>MOULINAGE DU PLOUY<\/strong> si \u00e8 notevolmente ampliato.<\/p><p><strong>Oggi l\u2019azienda \u00e8 orgogliosa di avere clienti<\/strong> in Europa (Germania, Inghilterra, Austria, Spagna, Francia, Italia, Lettonia, Portogallo, Repubblica Ceca, Svizzera), America Latina (Colombia), Asia (Cina, India, Sri Lanka, Thailandia), Medio Oriente (Egitto e Turchia), Africa (Tunisia) e negli USA.<\/p><p>&nbsp;<\/p><\/div>\t<\/div>\n<\/div>\n<\/div>\n\n<div class=\"fw-row\">\n\t\n<div class=\"sh-column sh-column-d36611ccbb6c2e8c1fea054920d00195 fw-col-xs-12\" >\n\n\t\n\t<div class=\"sh-column-wrapper\">\n\t\t\n<div id=\"single-image-4e2136da2c26bbaa7b56f3fc96472905\" class=\"sh-single-image\">\n\t\n\t<div class=\"sh-single-image-container\">\n\t\t\t\t\t\t\t\t\t<a href=\"\/\/www.plouy.com\/wp-content\/uploads\/2018\/03\/carte-UMAP-MDP-050318-bis.jpg\" rel=\"lightbox\">\n\t\t\t\n\t\t\t\t<img decoding=\"async\" class=\"sh-image-url\" src=\"https:\/\/www.plouy-tardy.com\/wp-content\/uploads\/2018\/03\/carte-UMAP-MDP-050318-bis-1024x520.jpg\" alt=\"Pr\u00e9sence internationale MOULINAGE DU PLOUY\" \/>\n\t\t\t\t\n\t\t\t\t\t\t\t<\/a>\n\t\t\t\t\t\n\t\t\t<\/div>\n\n<\/div>\n\t<\/div>\n<\/div>\n<\/div>\n\n\t<\/div>\n<\/section>\n\n","protected":false},"excerpt":{"rendered":"<p>Un fornitore riconosciuto a livello internazionaleGrazie alla qualit\u00e0, alla reattivit\u00e0 e alla vastit\u00e0 della propria offerta, il raggio d\u2019azione di MOULINAGE DU PLOUY si \u00e8 notevolmente ampliato.Oggi l\u2019azienda \u00e8 orgogliosa di avere clienti in Europa (Germania, Inghilterra, Austria, Spagna, Francia, Italia, Lettonia, Portogallo, Repubblica Ceca,&#8230;<\/p>\n","protected":false},"author":4,"featured_media":0,"parent":0,"menu_order":0,"comment_status":"closed","ping_status":"closed","template":"","meta":{"footnotes":""},"class_list":["post-10599","page","type-page","status-publish","hentry"],"_links":{"self":[{"href":"https:\/\/www.plouy-tardy.com\/it\/wp-json\/wp\/v2\/pages\/10599","targetHints":{"allow":["GET"]}}],"collection":[{"href":"https:\/\/www.plouy-tardy.com\/it\/wp-json\/wp\/v2\/pages"}],"about":[{"href":"https:\/\/www.plouy-tardy.com\/it\/wp-json\/wp\/v2\/types\/page"}],"author":[{"embeddable":true,"href":"https:\/\/www.plouy-tardy.com\/it\/wp-json\/wp\/v2\/users\/4"}],"replies":[{"embeddable":true,"href":"https:\/\/www.plouy-tardy.com\/it\/wp-json\/wp\/v2\/comments?post=10599"}],"version-history":[{"count":2,"href":"https:\/\/www.plouy-tardy.com\/it\/wp-json\/wp\/v2\/pages\/10599\/revisions"}],"predecessor-version":[{"id":10601,"href":"https:\/\/www.plouy-tardy.com\/it\/wp-json\/wp\/v2\/pages\/10599\/revisions\/10601"}],"wp:attachment":[{"href":"https:\/\/www.plouy-tardy.com\/it\/wp-json\/wp\/v2\/media?parent=10599"}],"curies":[{"name":"wp","href":"https:\/\/api.w.org\/{rel}","templated":true}]}}