{"id":10638,"date":"2022-02-14T12:22:29","date_gmt":"2022-02-14T11:22:29","guid":{"rendered":"https:\/\/www.plouy-tardy.com\/?page_id=10638"},"modified":"2022-02-14T16:12:52","modified_gmt":"2022-02-14T15:12:52","slug":"testurizzazione","status":"publish","type":"page","link":"https:\/\/www.plouy-tardy.com\/it\/testurizzazione\/","title":{"rendered":"Testurizzazione"},"content":{"rendered":"\n<section class=\"sh-section sh-section-7f8e361a025cc8e5788de3338edf13da fw-main-row sh-section-visibility-everywhere\">\n\t\n\t\n\t<div class=\"sh-section-container container\">\n\t\t<div class=\"fw-row\">\n\t\n<div class=\"sh-column sh-column-e7fba6c3e7718ca8c07833ae219c0818 fw-col-xs-12 fw-col-sm-6\" >\n\n\t\n\t<div class=\"sh-column-wrapper\">\n\t\t\n<div id=\"text-block-fbc894e8d0195c65d2060ad283e0b5c5\" class=\"sh-text-block\">\n\t<h2><strong>Delle capacit\u00e0 di testurizzazione proprie<\/strong><\/h2><p>La testurizzazione \u00e8 una delle attivit\u00e0 emblematiche di <strong>MOULINAGE DU PLOUY<\/strong> e consiste nel conferire a un filo sintetico volume ed elasticit\u00e0.<\/p><p>Questa operazione \u00e8 determinante per la colorazione, la mano (sensazione di morbidezza acentuata), l\u2019aspetto (volume, opacit\u00e0 pi\u00f9 o meno marcata o massima brillantezza) e la reazione delle superfici tessili (elasticit\u00e0, resistenza).<\/p><p>Contrariamente ai grandi testurizzatori, <strong>MOULINAGE DU PLOUY<\/strong> si distingue per la messa a punto di procedimenti su misura volti a soddisfare le specifiche esigenze dei suoi clienti, indipendentemente dal settore operativo.<\/p><p>La padronanza dei procedimenti di testurizzazione a frizione, a fuso, tipo \u201ctaslan\u201d e co-testurizzazione (testurizzazione di diversi componenti) ci consente di proporre una vasta gamma di soluzioni.<\/p><p>&nbsp;<\/p><\/div>\t<\/div>\n<\/div>\n\n<div class=\"sh-column sh-column-ad5ad722bb2b165a9e2d4813b2333572 fw-col-xs-12 fw-col-sm-6\" >\n\n\t\n\t<div class=\"sh-column-wrapper\">\n\t\t\n<div id=\"single-image-e1366aa8c29e9cb55219559bc97a383e\" class=\"sh-single-image\">\n\t\n\t<div class=\"sh-single-image-container\">\n\t\t\t\t\t\t\t\t\t<a href=\"\/\/www.plouy.com\/wp-content\/uploads\/2016\/01\/photo-broche-texturation-2.jpg\" rel=\"lightbox\">\n\t\t\t\n\t\t\t\t<img decoding=\"async\" class=\"sh-image-url\" src=\"https:\/\/www.plouy-tardy.com\/wp-content\/uploads\/2016\/01\/photo-broche-texturation-2.jpg\" alt=\"photo broche texturation 2\" \/>\n\t\t\t\t\n\t\t\t\t\t\t\t<\/a>\n\t\t\t\t\t\n\t\t\t<\/div>\n\n<\/div>\n\t<\/div>\n<\/div>\n<\/div>\n\n\t<\/div>\n<\/section>\n\n","protected":false},"excerpt":{"rendered":"<p>Delle capacit\u00e0 di testurizzazione proprieLa testurizzazione \u00e8 una delle attivit\u00e0 emblematiche di MOULINAGE DU PLOUY e consiste nel conferire a un filo sintetico volume ed elasticit\u00e0.Questa operazione \u00e8 determinante per la colorazione, la mano (sensazione di morbidezza acentuata), l\u2019aspetto (volume, opacit\u00e0 pi\u00f9 o meno marcata&#8230;<\/p>\n","protected":false},"author":5,"featured_media":0,"parent":0,"menu_order":0,"comment_status":"closed","ping_status":"closed","template":"","meta":{"footnotes":""},"class_list":["post-10638","page","type-page","status-publish","hentry"],"_links":{"self":[{"href":"https:\/\/www.plouy-tardy.com\/it\/wp-json\/wp\/v2\/pages\/10638","targetHints":{"allow":["GET"]}}],"collection":[{"href":"https:\/\/www.plouy-tardy.com\/it\/wp-json\/wp\/v2\/pages"}],"about":[{"href":"https:\/\/www.plouy-tardy.com\/it\/wp-json\/wp\/v2\/types\/page"}],"author":[{"embeddable":true,"href":"https:\/\/www.plouy-tardy.com\/it\/wp-json\/wp\/v2\/users\/5"}],"replies":[{"embeddable":true,"href":"https:\/\/www.plouy-tardy.com\/it\/wp-json\/wp\/v2\/comments?post=10638"}],"version-history":[{"count":2,"href":"https:\/\/www.plouy-tardy.com\/it\/wp-json\/wp\/v2\/pages\/10638\/revisions"}],"predecessor-version":[{"id":10640,"href":"https:\/\/www.plouy-tardy.com\/it\/wp-json\/wp\/v2\/pages\/10638\/revisions\/10640"}],"wp:attachment":[{"href":"https:\/\/www.plouy-tardy.com\/it\/wp-json\/wp\/v2\/media?parent=10638"}],"curies":[{"name":"wp","href":"https:\/\/api.w.org\/{rel}","templated":true}]}}